{"id":25,"date":"2015-11-03T21:25:16","date_gmt":"2015-11-03T20:25:16","guid":{"rendered":"http:\/\/www.blog.pracowniatestow.com\/?page_id=25"},"modified":"2016-01-08T21:42:34","modified_gmt":"2016-01-08T20:42:34","slug":"wielka-piatka","status":"publish","type":"page","link":"https:\/\/www.blog.pracowniatestow.com\/index.php\/testy-psychologiczne\/testy-osobowosci\/wielka-piatka\/","title":{"rendered":"WIELKA PI\u0104TKA"},"content":{"rendered":"<div align=\"justify\">\n<p>WIELKA PI\u0104TKA\u00a0to test, kt\u00f3ry zosta\u0142 opracowany na Pi\u0119cioczynnikowej Teorii Osobowo\u015bci (PTO) autorstwa\u00a0Paula T. Costy Jr i Roberta R. McCrae, kt\u00f3ra z kolei wywodzi si\u0119 \u00a0z Pi\u0119cioczynnikowego Modelu Osobowo\u015bci (PMO) efektu wieloletnich bada\u0144 nad osobowo\u015bci\u0105 zapocz\u0105tkowanych przez takich klasyk\u00f3w psychologii osobowo\u015bci jak Allport, Odebert czy Cattel.<\/p>\n<p>Historia PMO zaczyna si\u0119 od bada\u0144\u00a0Louisa Thurstone\u2019a, w ramach kt\u00f3rych 1300 os\u00f3b mia\u0142o wybra\u0107 spo\u015br\u00f3d 60 przymiotnik\u00f3w takie, kt\u00f3re pozwalaj\u0105 im opisa\u0107 dobrze znan\u0105 im osob\u0119. Efektem badania by\u0142o sprowadzenie cech do 5 czynnik\u00f3w.<\/p>\n<p>Kolejn\u0105 osob\u0105 maj\u0105c\u0105 wk\u0142ad w rozw\u00f3j tego modelu to Fiske, kt\u00f3ry przeprowadzi\u0142 re-analiz\u0119 materia\u0142u empirycznego zgromadzonego przez Cattella. Efektem jego dzia\u0142a\u0144 by\u0142o zredukowanie szesnastu czynnik\u00f3w do pi\u0119ciu.<\/p>\n<p>Za kolejnych ojc\u00f3w modelu pi\u0119cioczynnikowego uznaje si\u0119 Tupesa i Christala, badaczy zajmuj\u0105cych si\u0119 selekcj\u0105 do US Army.<\/p>\n<p>Na bazie tych bada\u0144 Norman wybra\u0142 po cztery zmienne z ka\u017cdego czynnika otrzymuj\u0105c w ten spos\u00f3b dwadzie\u015bcia zmiennych, kt\u00f3re przetestowa\u0142 na czterech pr\u00f3bach os\u00f3b badanych. W dalszej kolejno\u015bci przeprowadzi\u0142 analiz\u0119 czynnikow\u0105, kt\u00f3ra to ujawni\u0142a zgodno\u015b\u0107 mi\u0119dzy struktur\u0105 danych.<\/p>\n<h3>WIELKA PI\u0104TKA &#8211; PODSUMOWANIE<\/h3>\n<p>Ostatecznie autorem poj\u0119cia\u00a0WIELKA PI\u0104TKA\u00a0jest Goldberg, kt\u00f3ry u\u017cy\u0142 go jako pierwszy podkre\u015blaj\u0105c, i\u017c osobowo\u015b\u0107 mo\u017cna sprowadzi\u0107 do pi\u0119ciu cech.<\/p>\n<p>Model PTO autorstwa Costy i McRae nale\u017cy jedynych z najbardziej popularnych koncepcji z tego wzgl\u0119du, i\u017c ujmuje wszystkie cechy osobowo\u015bci w pi\u0119\u0107 g\u0142\u00f3wnych kategorii.\u00a0Badania kwestionariuszowe wskazuj\u0105, i\u017c wyznacza on podstawowe czynniki osobowo\u015bci. Dodatkowo przemawiaj\u0105 za nim nast\u0119puj\u0105ce argumenty:<\/p>\n<ul>\n<li>Realno\u015b\u0107: model wielkiej pi\u0105tki diagnozuje si\u0119 za pomoc\u0105 samoopisu (swobodny opis posiadanych cech) jak i szacowania (ocena stopnia posiadania)<\/li>\n<li>Niezmienniczo\u015b\u0107 \u2013 wszystkie dost\u0119pne badania wskazuj\u0105, i\u017c cechy osobowo\u015bci mo\u017cna sprowadzi\u0107 do pi\u0119ciu czynnik\u00f3w (badania leksykalne i psychometryczne)<\/li>\n<li>Uniwersalno\u015b\u0107 \u2013 bez wzgl\u0119du na wiek, p\u0142e\u0107, ras\u0119, kultur\u0119, itp.<\/li>\n<li>Podstawy biologiczne \u2013 wysoka odziedziczalno\u015b\u0107.<\/li>\n<\/ul>\n<p>Podstawowe cechy osobowo\u015bci wyszczeg\u00f3lnione w modelu WIELKIEJ PI\u0104TKI to:<\/p>\n<ul>\n<li>NEUROTYCZNO\u015a\u0106 &#8211;\u00a0pozwala na odr\u00f3\u017cnienie os\u00f3b przystosowanych, stabilnych emocjonalnie, od os\u00f3b nieprzystosowanych i emocjonalnie niezr\u00f3wnowa\u017conych.<\/li>\n<li>EKSTRAWERTYCZNO\u015a\u0106 &#8211;\u00a0mierzy zaanga\u017cowanie w kontakty interpersonalne i poziom energii.<\/li>\n<li>OTWARTO\u015a\u0106 &#8211; okre\u015bla tendencje zwi\u0105zan\u0105 z poszukiwaniem i pozytywnym warto\u015bciowaniem do\u015bwiadcze\u0144 oraz otwarto\u015b\u0107 i tolerancj\u0119 na nowo\u015b\u0107.<\/li>\n<li>UGODOWO\u015a\u0106\u00a0&#8211; okre\u015bla nastawienie wzgl\u0119dem innych ludzi oraz orientacj\u0119 interpersonalna (pozytywna vs negatywna \/ altruizm vs antagonizm).<\/li>\n<li>SUMIENNO\u015a\u0106 &#8211; pozwala opisa\u0107 poziom zorganizowania jednostki oraz jej wytrwa\u0142o\u015bci w d\u0105\u017ceniu do celu.<\/li>\n<\/ul>\n<blockquote><p><a href=\"http:\/\/www.pracowniatestow.com\/testy\/fill-out,wielka-piatka-22.html\" target=\"_blank\"><strong>&gt;&gt;PRZEJD\u0179 DO TESTU&lt;&lt;<\/strong><\/a><\/p><\/blockquote>\n<hr \/>\n<h3>\u00a0S\u0142owa kluczowe<\/h3>\n<p>big five, big five test, introwertyk test osobowo\u015bci, wielka pi\u0105tka test, wielka pi\u0105tka, neurotyczno\u015b\u0107 test, test wielka pi\u0105tka, wielka pi\u0105tka test online,<\/p>\n<\/div>\n<!-- AddThis Advanced Settings generic via filter on the_content --><!-- AddThis Share Buttons generic via filter on the_content -->","protected":false},"excerpt":{"rendered":"<p>WIELKA PI\u0104TKA\u00a0to test, kt\u00f3ry zosta\u0142 opracowany na Pi\u0119cioczynnikowej Teorii Osobowo\u015bci (PTO) autorstwa\u00a0Paula T. Costy Jr i Roberta R. McCrae, kt\u00f3ra z kolei wywodzi si\u0119 \u00a0z Pi\u0119cioczynnikowego Modelu Osobowo\u015bci (PMO) efektu<!-- AddThis Advanced Settings generic via filter on wp_trim_excerpt --><!-- AddThis Share Buttons generic via filter on wp_trim_excerpt --><\/p>\n","protected":false},"author":1,"featured_media":39,"parent":23,"menu_order":0,"comment_status":"closed","ping_status":"closed","template":"","meta":{"_monsterinsights_skip_tracking":false,"_monsterinsights_sitenote_active":false,"_monsterinsights_sitenote_note":"","_monsterinsights_sitenote_category":0,"footnotes":""},"class_list":["post-25","page","type-page","status-publish","has-post-thumbnail","hentry","comments-off"],"yoast_head":"<!-- This site is optimized with the Yoast SEO plugin v26.8 - https:\/\/yoast.com\/product\/yoast-seo-wordpress\/ -->\n<title>WIELKA PI\u0104TKA - test osobowo\u015bci online FFM<\/title>\n<meta name=\"description\" content=\"Test osobowo\u015bci WIELKA PI\u0104TKA pozwala zbada\u0107 podstawowe cechy osobowo\u015bci uj\u0119te w pi\u0119cioczynnikowym modelu osobowo\u015bci. Sprawd\u017a sw\u00f3j poziom cech osobowo\u015bci.\" \/>\n<meta name=\"robots\" content=\"index, follow, max-snippet:-1, max-image-preview:large, max-video-preview:-1\" \/>\n<link rel=\"canonical\" href=\"https:\/\/www.blog.pracowniatestow.com\/index.php\/testy-psychologiczne\/testy-osobowosci\/wielka-piatka\/\" \/>\n<meta property=\"og:locale\" content=\"pl_PL\" \/>\n<meta property=\"og:type\" content=\"article\" \/>\n<meta property=\"og:title\" content=\"WIELKA PI\u0104TKA - test osobowo\u015bci online FFM\" \/>\n<meta property=\"og:description\" content=\"Test osobowo\u015bci WIELKA PI\u0104TKA pozwala zbada\u0107 podstawowe cechy osobowo\u015bci uj\u0119te w pi\u0119cioczynnikowym modelu osobowo\u015bci. Sprawd\u017a sw\u00f3j poziom cech osobowo\u015bci.\" \/>\n<meta property=\"og:url\" content=\"https:\/\/www.blog.pracowniatestow.com\/index.php\/testy-psychologiczne\/testy-osobowosci\/wielka-piatka\/\" \/>\n<meta property=\"og:site_name\" content=\"Pracownia Test\u00f3w BLOG\" \/>\n<meta property=\"article:modified_time\" content=\"2016-01-08T20:42:34+00:00\" \/>\n<meta property=\"og:image\" content=\"https:\/\/www.blog.pracowniatestow.com\/wp-content\/uploads\/2015\/11\/number-591945_1920.jpg\" \/>\n\t<meta property=\"og:image:width\" content=\"1920\" \/>\n\t<meta property=\"og:image:height\" content=\"1440\" \/>\n\t<meta property=\"og:image:type\" content=\"image\/jpeg\" \/>\n<meta name=\"twitter:card\" content=\"summary_large_image\" \/>\n<meta name=\"twitter:label1\" content=\"Szacowany czas czytania\" \/>\n\t<meta name=\"twitter:data1\" content=\"2 minuty\" \/>\n<script type=\"application\/ld+json\" class=\"yoast-schema-graph\">{\"@context\":\"https:\/\/schema.org\",\"@graph\":[{\"@type\":\"WebPage\",\"@id\":\"https:\/\/www.blog.pracowniatestow.com\/index.php\/testy-psychologiczne\/testy-osobowosci\/wielka-piatka\/\",\"url\":\"https:\/\/www.blog.pracowniatestow.com\/index.php\/testy-psychologiczne\/testy-osobowosci\/wielka-piatka\/\",\"name\":\"WIELKA PI\u0104TKA - test osobowo\u015bci online FFM\",\"isPartOf\":{\"@id\":\"https:\/\/www.blog.pracowniatestow.com\/#website\"},\"primaryImageOfPage\":{\"@id\":\"https:\/\/www.blog.pracowniatestow.com\/index.php\/testy-psychologiczne\/testy-osobowosci\/wielka-piatka\/#primaryimage\"},\"image\":{\"@id\":\"https:\/\/www.blog.pracowniatestow.com\/index.php\/testy-psychologiczne\/testy-osobowosci\/wielka-piatka\/#primaryimage\"},\"thumbnailUrl\":\"https:\/\/www.blog.pracowniatestow.com\/wp-content\/uploads\/2015\/11\/number-591945_1920.jpg\",\"datePublished\":\"2015-11-03T20:25:16+00:00\",\"dateModified\":\"2016-01-08T20:42:34+00:00\",\"description\":\"Test osobowo\u015bci WIELKA PI\u0104TKA pozwala zbada\u0107 podstawowe cechy osobowo\u015bci uj\u0119te w pi\u0119cioczynnikowym modelu osobowo\u015bci. Sprawd\u017a sw\u00f3j poziom cech osobowo\u015bci.\",\"breadcrumb\":{\"@id\":\"https:\/\/www.blog.pracowniatestow.com\/index.php\/testy-psychologiczne\/testy-osobowosci\/wielka-piatka\/#breadcrumb\"},\"inLanguage\":\"pl-PL\",\"potentialAction\":[{\"@type\":\"ReadAction\",\"target\":[\"https:\/\/www.blog.pracowniatestow.com\/index.php\/testy-psychologiczne\/testy-osobowosci\/wielka-piatka\/\"]}]},{\"@type\":\"ImageObject\",\"inLanguage\":\"pl-PL\",\"@id\":\"https:\/\/www.blog.pracowniatestow.com\/index.php\/testy-psychologiczne\/testy-osobowosci\/wielka-piatka\/#primaryimage\",\"url\":\"https:\/\/www.blog.pracowniatestow.com\/wp-content\/uploads\/2015\/11\/number-591945_1920.jpg\",\"contentUrl\":\"https:\/\/www.blog.pracowniatestow.com\/wp-content\/uploads\/2015\/11\/number-591945_1920.jpg\",\"width\":1920,\"height\":1440,\"caption\":\"wielka pi\u0105tka\"},{\"@type\":\"BreadcrumbList\",\"@id\":\"https:\/\/www.blog.pracowniatestow.com\/index.php\/testy-psychologiczne\/testy-osobowosci\/wielka-piatka\/#breadcrumb\",\"itemListElement\":[{\"@type\":\"ListItem\",\"position\":1,\"name\":\"Strona g\u0142\u00f3wna\",\"item\":\"https:\/\/www.blog.pracowniatestow.com\/\"},{\"@type\":\"ListItem\",\"position\":2,\"name\":\"TESTY PSYCHOLOGICZNE\",\"item\":\"https:\/\/www.blog.pracowniatestow.com\/index.php\/testy-psychologiczne\/\"},{\"@type\":\"ListItem\",\"position\":3,\"name\":\"TESTY OSOBOWO\u015aCI\",\"item\":\"https:\/\/www.blog.pracowniatestow.com\/index.php\/testy-psychologiczne\/testy-osobowosci\/\"},{\"@type\":\"ListItem\",\"position\":4,\"name\":\"WIELKA PI\u0104TKA\"}]},{\"@type\":\"WebSite\",\"@id\":\"https:\/\/www.blog.pracowniatestow.com\/#website\",\"url\":\"https:\/\/www.blog.pracowniatestow.com\/\",\"name\":\"Pracownia Test\u00f3w BLOG\",\"description\":\"Pracowania Test\u00f3w to serwis zawieraj\u0105cy testy osobowo\u015bci przydatne w planowaniu i rozwoju kariery  oraz rozwoju osobistym.\",\"potentialAction\":[{\"@type\":\"SearchAction\",\"target\":{\"@type\":\"EntryPoint\",\"urlTemplate\":\"https:\/\/www.blog.pracowniatestow.com\/?s={search_term_string}\"},\"query-input\":{\"@type\":\"PropertyValueSpecification\",\"valueRequired\":true,\"valueName\":\"search_term_string\"}}],\"inLanguage\":\"pl-PL\"}]}<\/script>\n<!-- \/ Yoast SEO plugin. -->","yoast_head_json":{"title":"WIELKA PI\u0104TKA - test osobowo\u015bci online FFM","description":"Test osobowo\u015bci WIELKA PI\u0104TKA pozwala zbada\u0107 podstawowe cechy osobowo\u015bci uj\u0119te w pi\u0119cioczynnikowym modelu osobowo\u015bci. Sprawd\u017a sw\u00f3j poziom cech osobowo\u015bci.","robots":{"index":"index","follow":"follow","max-snippet":"max-snippet:-1","max-image-preview":"max-image-preview:large","max-video-preview":"max-video-preview:-1"},"canonical":"https:\/\/www.blog.pracowniatestow.com\/index.php\/testy-psychologiczne\/testy-osobowosci\/wielka-piatka\/","og_locale":"pl_PL","og_type":"article","og_title":"WIELKA PI\u0104TKA - test osobowo\u015bci online FFM","og_description":"Test osobowo\u015bci WIELKA PI\u0104TKA pozwala zbada\u0107 podstawowe cechy osobowo\u015bci uj\u0119te w pi\u0119cioczynnikowym modelu osobowo\u015bci. Sprawd\u017a sw\u00f3j poziom cech osobowo\u015bci.","og_url":"https:\/\/www.blog.pracowniatestow.com\/index.php\/testy-psychologiczne\/testy-osobowosci\/wielka-piatka\/","og_site_name":"Pracownia Test\u00f3w BLOG","article_modified_time":"2016-01-08T20:42:34+00:00","og_image":[{"width":1920,"height":1440,"url":"https:\/\/www.blog.pracowniatestow.com\/wp-content\/uploads\/2015\/11\/number-591945_1920.jpg","type":"image\/jpeg"}],"twitter_card":"summary_large_image","twitter_misc":{"Szacowany czas czytania":"2 minuty"},"schema":{"@context":"https:\/\/schema.org","@graph":[{"@type":"WebPage","@id":"https:\/\/www.blog.pracowniatestow.com\/index.php\/testy-psychologiczne\/testy-osobowosci\/wielka-piatka\/","url":"https:\/\/www.blog.pracowniatestow.com\/index.php\/testy-psychologiczne\/testy-osobowosci\/wielka-piatka\/","name":"WIELKA PI\u0104TKA - test osobowo\u015bci online FFM","isPartOf":{"@id":"https:\/\/www.blog.pracowniatestow.com\/#website"},"primaryImageOfPage":{"@id":"https:\/\/www.blog.pracowniatestow.com\/index.php\/testy-psychologiczne\/testy-osobowosci\/wielka-piatka\/#primaryimage"},"image":{"@id":"https:\/\/www.blog.pracowniatestow.com\/index.php\/testy-psychologiczne\/testy-osobowosci\/wielka-piatka\/#primaryimage"},"thumbnailUrl":"https:\/\/www.blog.pracowniatestow.com\/wp-content\/uploads\/2015\/11\/number-591945_1920.jpg","datePublished":"2015-11-03T20:25:16+00:00","dateModified":"2016-01-08T20:42:34+00:00","description":"Test osobowo\u015bci WIELKA PI\u0104TKA pozwala zbada\u0107 podstawowe cechy osobowo\u015bci uj\u0119te w pi\u0119cioczynnikowym modelu osobowo\u015bci. Sprawd\u017a sw\u00f3j poziom cech osobowo\u015bci.","breadcrumb":{"@id":"https:\/\/www.blog.pracowniatestow.com\/index.php\/testy-psychologiczne\/testy-osobowosci\/wielka-piatka\/#breadcrumb"},"inLanguage":"pl-PL","potentialAction":[{"@type":"ReadAction","target":["https:\/\/www.blog.pracowniatestow.com\/index.php\/testy-psychologiczne\/testy-osobowosci\/wielka-piatka\/"]}]},{"@type":"ImageObject","inLanguage":"pl-PL","@id":"https:\/\/www.blog.pracowniatestow.com\/index.php\/testy-psychologiczne\/testy-osobowosci\/wielka-piatka\/#primaryimage","url":"https:\/\/www.blog.pracowniatestow.com\/wp-content\/uploads\/2015\/11\/number-591945_1920.jpg","contentUrl":"https:\/\/www.blog.pracowniatestow.com\/wp-content\/uploads\/2015\/11\/number-591945_1920.jpg","width":1920,"height":1440,"caption":"wielka pi\u0105tka"},{"@type":"BreadcrumbList","@id":"https:\/\/www.blog.pracowniatestow.com\/index.php\/testy-psychologiczne\/testy-osobowosci\/wielka-piatka\/#breadcrumb","itemListElement":[{"@type":"ListItem","position":1,"name":"Strona g\u0142\u00f3wna","item":"https:\/\/www.blog.pracowniatestow.com\/"},{"@type":"ListItem","position":2,"name":"TESTY PSYCHOLOGICZNE","item":"https:\/\/www.blog.pracowniatestow.com\/index.php\/testy-psychologiczne\/"},{"@type":"ListItem","position":3,"name":"TESTY OSOBOWO\u015aCI","item":"https:\/\/www.blog.pracowniatestow.com\/index.php\/testy-psychologiczne\/testy-osobowosci\/"},{"@type":"ListItem","position":4,"name":"WIELKA PI\u0104TKA"}]},{"@type":"WebSite","@id":"https:\/\/www.blog.pracowniatestow.com\/#website","url":"https:\/\/www.blog.pracowniatestow.com\/","name":"Pracownia Test\u00f3w BLOG","description":"Pracowania Test\u00f3w to serwis zawieraj\u0105cy testy osobowo\u015bci przydatne w planowaniu i rozwoju kariery  oraz rozwoju osobistym.","potentialAction":[{"@type":"SearchAction","target":{"@type":"EntryPoint","urlTemplate":"https:\/\/www.blog.pracowniatestow.com\/?s={search_term_string}"},"query-input":{"@type":"PropertyValueSpecification","valueRequired":true,"valueName":"search_term_string"}}],"inLanguage":"pl-PL"}]}},"_links":{"self":[{"href":"https:\/\/www.blog.pracowniatestow.com\/index.php\/wp-json\/wp\/v2\/pages\/25","targetHints":{"allow":["GET"]}}],"collection":[{"href":"https:\/\/www.blog.pracowniatestow.com\/index.php\/wp-json\/wp\/v2\/pages"}],"about":[{"href":"https:\/\/www.blog.pracowniatestow.com\/index.php\/wp-json\/wp\/v2\/types\/page"}],"author":[{"embeddable":true,"href":"https:\/\/www.blog.pracowniatestow.com\/index.php\/wp-json\/wp\/v2\/users\/1"}],"replies":[{"embeddable":true,"href":"https:\/\/www.blog.pracowniatestow.com\/index.php\/wp-json\/wp\/v2\/comments?post=25"}],"version-history":[{"count":13,"href":"https:\/\/www.blog.pracowniatestow.com\/index.php\/wp-json\/wp\/v2\/pages\/25\/revisions"}],"predecessor-version":[{"id":267,"href":"https:\/\/www.blog.pracowniatestow.com\/index.php\/wp-json\/wp\/v2\/pages\/25\/revisions\/267"}],"up":[{"embeddable":true,"href":"https:\/\/www.blog.pracowniatestow.com\/index.php\/wp-json\/wp\/v2\/pages\/23"}],"wp:featuredmedia":[{"embeddable":true,"href":"https:\/\/www.blog.pracowniatestow.com\/index.php\/wp-json\/wp\/v2\/media\/39"}],"wp:attachment":[{"href":"https:\/\/www.blog.pracowniatestow.com\/index.php\/wp-json\/wp\/v2\/media?parent=25"}],"curies":[{"name":"wp","href":"https:\/\/api.w.org\/{rel}","templated":true}]}}